{"id":35,"date":"2022-01-20T11:30:54","date_gmt":"2022-01-20T10:30:54","guid":{"rendered":"https:\/\/saturnautorawa.dfirma.pl\/index.php\/nasza-oferta\/"},"modified":"2022-11-30T21:24:23","modified_gmt":"2022-11-30T20:24:23","slug":"nasza-oferta","status":"publish","type":"page","link":"https:\/\/saturnauto.com.pl\/index.php\/nasza-oferta\/","title":{"rendered":"Zobacz nasz sklep"},"content":{"rendered":"<p>[et_pb_section fb_built=&#8221;1&#8243; _builder_version=&#8221;4.10.4&#8243; _module_preset=&#8221;default&#8221; custom_padding=&#8221;0px||0px||true|false&#8221; global_module=&#8221;24404&#8243; saved_tabs=&#8221;all&#8221; collapsed=&#8221;off&#8221; global_colors_info=&#8221;{}&#8221;][et_pb_row _builder_version=&#8221;4.10.4&#8243; _module_preset=&#8221;default&#8221; width=&#8221;100%&#8221; max_width=&#8221;100%&#8221; custom_padding=&#8221;0px||0px||false|false&#8221; global_colors_info=&#8221;{}&#8221;][et_pb_column type=&#8221;4_4&#8243; _builder_version=&#8221;4.10.4&#8243; _module_preset=&#8221;default&#8221; global_colors_info=&#8221;{}&#8221;][et_pb_gallery gallery_ids=&#8221;81,82,24523&#8243; fullwidth=&#8221;on&#8221; _builder_version=&#8221;4.10.4&#8243; _module_preset=&#8221;default&#8221; animation_style=&#8221;slide&#8221; animation_direction=&#8221;left&#8221; auto=&#8221;on&#8221; auto_speed=&#8221;3000&#8243; global_colors_info=&#8221;{}&#8221;][\/et_pb_gallery][\/et_pb_column][\/et_pb_row][\/et_pb_section][et_pb_section fb_built=&#8221;1&#8243; _builder_version=&#8221;4.10.4&#8243; _module_preset=&#8221;default&#8221; global_colors_info=&#8221;{}&#8221;][et_pb_row _builder_version=&#8221;4.10.4&#8243; _module_preset=&#8221;default&#8221; global_colors_info=&#8221;{}&#8221;][et_pb_column type=&#8221;4_4&#8243; _builder_version=&#8221;4.10.4&#8243; _module_preset=&#8221;default&#8221; global_colors_info=&#8221;{}&#8221;][et_pb_image src=&#8221;https:\/\/saturnauto.com.pl\/wp-content\/uploads\/2022\/11\/IMG_0731-scaled.jpg&#8221; title_text=&#8221;IMG_0731&#8243; _builder_version=&#8221;4.10.4&#8243; _module_preset=&#8221;default&#8221; global_colors_info=&#8221;{}&#8221;][\/et_pb_image][et_pb_image src=&#8221;https:\/\/saturnauto.com.pl\/wp-content\/uploads\/2022\/11\/IMG_0735-scaled.jpg&#8221; title_text=&#8221;IMG_0735&#8243; _builder_version=&#8221;4.10.4&#8243; _module_preset=&#8221;default&#8221; global_colors_info=&#8221;{}&#8221;][\/et_pb_image][et_pb_image src=&#8221;https:\/\/saturnauto.com.pl\/wp-content\/uploads\/2022\/11\/IMG_0722-scaled.jpg&#8221; title_text=&#8221;IMG_0722&#8243; _builder_version=&#8221;4.10.4&#8243; _module_preset=&#8221;default&#8221; global_colors_info=&#8221;{}&#8221;][\/et_pb_image][et_pb_image src=&#8221;https:\/\/saturnauto.com.pl\/wp-content\/uploads\/2022\/11\/IMG_0742-scaled.jpg&#8221; title_text=&#8221;IMG_0742&#8243; _builder_version=&#8221;4.10.4&#8243; _module_preset=&#8221;default&#8221; global_colors_info=&#8221;{}&#8221;][\/et_pb_image][et_pb_image src=&#8221;https:\/\/saturnauto.com.pl\/wp-content\/uploads\/2022\/11\/IMG_0729-scaled.jpg&#8221; title_text=&#8221;IMG_0729&#8243; _builder_version=&#8221;4.10.4&#8243; _module_preset=&#8221;default&#8221; global_colors_info=&#8221;{}&#8221;][\/et_pb_image][et_pb_image src=&#8221;https:\/\/saturnauto.com.pl\/wp-content\/uploads\/2022\/11\/IMG_0728-scaled.jpg&#8221; title_text=&#8221;IMG_0728&#8243; _builder_version=&#8221;4.10.4&#8243; _module_preset=&#8221;default&#8221; global_colors_info=&#8221;{}&#8221;][\/et_pb_image][et_pb_image src=&#8221;https:\/\/saturnauto.com.pl\/wp-content\/uploads\/2022\/11\/IMG_0726-scaled.jpg&#8221; title_text=&#8221;IMG_0726&#8243; _builder_version=&#8221;4.10.4&#8243; _module_preset=&#8221;default&#8221; global_colors_info=&#8221;{}&#8221;][\/et_pb_image][et_pb_image src=&#8221;https:\/\/saturnauto.com.pl\/wp-content\/uploads\/2022\/11\/IMG_0724-scaled.jpg&#8221; title_text=&#8221;IMG_0724&#8243; _builder_version=&#8221;4.10.4&#8243; _module_preset=&#8221;default&#8221; global_colors_info=&#8221;{}&#8221;][\/et_pb_image][et_pb_image src=&#8221;https:\/\/saturnauto.com.pl\/wp-content\/uploads\/2022\/11\/IMG_0723-scaled.jpg&#8221; title_text=&#8221;IMG_0723&#8243; _builder_version=&#8221;4.10.4&#8243; _module_preset=&#8221;default&#8221; global_colors_info=&#8221;{}&#8221;][\/et_pb_image][\/et_pb_column][\/et_pb_row][\/et_pb_section][et_pb_section fb_built=&#8221;1&#8243; _builder_version=&#8221;4.0.9&#8243; custom_padding=&#8221;0px||0px||true|&#8221; global_module=&#8221;24445&#8243; saved_tabs=&#8221;all&#8221; global_colors_info=&#8221;{}&#8221;][et_pb_row column_structure=&#8221;1_2,1_2&#8243; use_custom_gutter=&#8221;on&#8221; gutter_width=&#8221;1&#8243; make_equal=&#8221;on&#8221; _builder_version=&#8221;4.10.4&#8243; width=&#8221;100%&#8221; max_width=&#8221;100%&#8221; custom_padding=&#8221;0px||0px||true|false&#8221; global_colors_info=&#8221;{}&#8221;][et_pb_column type=&#8221;1_2&#8243; _builder_version=&#8221;4.0.9&#8243; background_image=&#8221;https:\/\/saturnauto.com.pl\/wp-content\/uploads\/2022\/01\/car-repair-27.jpg&#8221; border_width_bottom=&#8221;60px&#8221; border_color_bottom=&#8221;#f5f5f5&#8243; border_width_bottom_tablet=&#8221;0px&#8221; border_width_bottom_phone=&#8221;0px&#8221; border_width_bottom_last_edited=&#8221;on|phone&#8221; global_colors_info=&#8221;{}&#8221;][et_pb_image src=&#8221;https:\/\/saturnauto.com.pl\/wp-content\/uploads\/2022\/11\/IMG_0829-rotated.jpg&#8221; _builder_version=&#8221;4.10.4&#8243; _module_preset=&#8221;default&#8221; title_text=&#8221;IMG_0829&#8243; hover_enabled=&#8221;0&#8243; sticky_enabled=&#8221;0&#8243;][\/et_pb_image][\/et_pb_column][et_pb_column type=&#8221;1_2&#8243; _builder_version=&#8221;4.0.9&#8243; background_color=&#8221;#ffffff&#8221; custom_padding=&#8221;12vh|12vh|12vh|12vh|true|true&#8221; custom_padding_tablet=&#8221;8vh|6vh|8vh|6vh|true|true&#8221; custom_padding_phone=&#8221;9vh|3vh|9vh|3vh|true|true&#8221; custom_padding_last_edited=&#8221;on|phone&#8221; border_width_top=&#8221;60px&#8221; border_color_top=&#8221;#F5F5F5&#8243; border_color_bottom=&#8221;#f5f5f5&#8243; border_width_top_tablet=&#8221;0px&#8221; border_width_top_phone=&#8221;0px&#8221; border_width_top_last_edited=&#8221;on|phone&#8221; global_colors_info=&#8221;{}&#8221;][et_pb_text _builder_version=&#8221;4.10.4&#8243; header_2_font=&#8221;Poppins|600|||||||&#8221; header_2_text_color=&#8221;#0b2154&#8243; header_2_font_size=&#8221;45px&#8221; header_2_letter_spacing=&#8221;-1px&#8221; header_2_line_height=&#8221;1.2em&#8221; custom_margin=&#8221;30px||||false|false&#8221; animation_style=&#8221;fade&#8221; animation_delay=&#8221;300ms&#8221; header_2_font_size_tablet=&#8221;&#8221; header_2_font_size_phone=&#8221;25px&#8221; header_2_font_size_last_edited=&#8221;on|phone&#8221; header_2_line_height_tablet=&#8221;&#8221; header_2_line_height_phone=&#8221;1.4em&#8221; header_2_line_height_last_edited=&#8221;on|phone&#8221; global_colors_info=&#8221;{}&#8221;]<\/p>\n<h2>Nasza oferta<\/h2>\n<p>[\/et_pb_text][et_pb_text _builder_version=&#8221;4.10.4&#8243; text_font=&#8221;Roboto Condensed||||||||&#8221; text_text_color=&#8221;#596277&#8243; text_font_size=&#8221;17px&#8221; text_line_height=&#8221;1.8em&#8221; custom_padding=&#8221;14px||||false|false&#8221; animation_style=&#8221;fade&#8221; animation_delay=&#8221;300ms&#8221; global_colors_info=&#8221;{}&#8221;]<\/p>\n<div class=\"et_pb_module et_pb_text et_pb_text_13 et_pb_text_align_left et_pb_bg_layout_light et_had_animation\">\n<div class=\"et_pb_text_inner\">\n<p>W naszym sklepie znajdziesz bogat\u0105 ofert\u0119 cz\u0119\u015bci do samochod\u00f3w osobowych, dostawczych jak i ci\u0119\u017carowych. Dost\u0119pne s\u0105 r\u00f3wnie\u017c cz\u0119\u015bci do pojazd\u00f3w i maszyn rolniczych. Na miejscu posiadamy ponad XXX element\u00f3w!<\/p>\n<\/div>\n<\/div>\n<p>[\/et_pb_text][et_pb_text _builder_version=&#8221;4.10.4&#8243; text_font=&#8221;Roboto Condensed||||||||&#8221; text_text_color=&#8221;#596277&#8243; text_font_size=&#8221;17px&#8221; text_line_height=&#8221;1.8em&#8221; custom_padding=&#8221;14px||||false|false&#8221; animation_style=&#8221;fade&#8221; animation_delay=&#8221;300ms&#8221; global_colors_info=&#8221;{}&#8221;]<\/p>\n<div class=\"et_pb_module et_pb_text et_pb_text_13 et_pb_text_align_left et_pb_bg_layout_light et_had_animation\">\n<div class=\"et_pb_text_inner\"><\/div>\n<\/div>\n<div class=\"et_pb_module et_pb_text et_pb_text_14 et_pb_text_align_left et_pb_bg_layout_light et_had_animation\">\n<div class=\"et_pb_text_inner\">\n<p>Oferujemy szerok\u0105 gam\u0119 olej\u00f3w oraz p\u0142yn\u00f3w do wszelkiego rodzaju pojazd\u00f3w. Castrol, Motul, Liqui Moly, Mobil, Total\u2026! Jak to m\u00f3wi\u0105: do wyboru, do koloru.<\/p>\n<\/div>\n<\/div>\n<p>[\/et_pb_text][et_pb_text _builder_version=&#8221;4.10.4&#8243; text_font=&#8221;Roboto Condensed||||||||&#8221; text_text_color=&#8221;#596277&#8243; text_font_size=&#8221;17px&#8221; text_line_height=&#8221;1.8em&#8221; custom_padding=&#8221;14px||||false|false&#8221; animation_style=&#8221;fade&#8221; animation_delay=&#8221;300ms&#8221; global_colors_info=&#8221;{}&#8221;]<\/p>\n<p>Prowadzisz warsztat? Drobny remont? U nas zaopatrzysz si\u0119 tak\u017ce w artyku\u0142y metalowe i narz\u0119dzia m.in. r\u0119czne, pomiarowe oraz te niezb\u0119dne do ci\u0119cia<\/p>\n<p>Znajdziesz u Nas r\u00f3wnie\u017c du\u017cy wyb\u00f3r: akumulator\u00f3w, \u0142o\u017cysk, uszczelniaczy <br \/>i niezb\u0119dnych akcesori\u00f3w samochodowych. W ofercie posiadamy r\u00f3wnie\u017c opony, felgi, ko\u0142paki oraz chemi\u0119 samochodow\u0105.\u00a0<\/p>\n<p>Serdecznie zapraszamy!<\/p>\n<p>[\/et_pb_text][\/et_pb_column][\/et_pb_row][\/et_pb_section]<\/p>\n","protected":false},"excerpt":{"rendered":"<p>Nasza oferta W naszym sklepie znajdziesz bogat\u0105 ofert\u0119 cz\u0119\u015bci do samochod\u00f3w osobowych, dostawczych jak i ci\u0119\u017carowych. Dost\u0119pne s\u0105 r\u00f3wnie\u017c cz\u0119\u015bci do pojazd\u00f3w i maszyn rolniczych. Na miejscu posiadamy ponad XXX element\u00f3w! Oferujemy szerok\u0105 gam\u0119 olej\u00f3w oraz p\u0142yn\u00f3w do wszelkiego rodzaju pojazd\u00f3w. Castrol, Motul, Liqui Moly, Mobil, Total\u2026! Jak to m\u00f3wi\u0105: do wyboru, do koloru. Prowadzisz [&hellip;]<\/p>\n","protected":false},"author":1,"featured_media":0,"parent":0,"menu_order":0,"comment_status":"closed","ping_status":"closed","template":"","meta":{"_et_pb_use_builder":"on","_et_pb_old_content":"","_et_gb_content_width":"","footnotes":""},"class_list":["post-35","page","type-page","status-publish","hentry"],"_links":{"self":[{"href":"https:\/\/saturnauto.com.pl\/index.php\/wp-json\/wp\/v2\/pages\/35","targetHints":{"allow":["GET"]}}],"collection":[{"href":"https:\/\/saturnauto.com.pl\/index.php\/wp-json\/wp\/v2\/pages"}],"about":[{"href":"https:\/\/saturnauto.com.pl\/index.php\/wp-json\/wp\/v2\/types\/page"}],"author":[{"embeddable":true,"href":"https:\/\/saturnauto.com.pl\/index.php\/wp-json\/wp\/v2\/users\/1"}],"replies":[{"embeddable":true,"href":"https:\/\/saturnauto.com.pl\/index.php\/wp-json\/wp\/v2\/comments?post=35"}],"version-history":[{"count":11,"href":"https:\/\/saturnauto.com.pl\/index.php\/wp-json\/wp\/v2\/pages\/35\/revisions"}],"predecessor-version":[{"id":24648,"href":"https:\/\/saturnauto.com.pl\/index.php\/wp-json\/wp\/v2\/pages\/35\/revisions\/24648"}],"wp:attachment":[{"href":"https:\/\/saturnauto.com.pl\/index.php\/wp-json\/wp\/v2\/media?parent=35"}],"curies":[{"name":"wp","href":"https:\/\/api.w.org\/{rel}","templated":true}]}}